{"id":84,"date":"2025-11-03T10:27:25","date_gmt":"2025-11-03T10:27:25","guid":{"rendered":"https:\/\/tastysip.lt\/?post_type=product&#038;p=84"},"modified":"2026-05-15T16:11:32","modified_gmt":"2026-05-15T16:11:32","slug":"citrinu-skonio-kapsule","status":"publish","type":"product","link":"https:\/\/tastysip.lt\/pl\/parduotuve-2\/citrinu-skonio-kapsule\/","title":{"rendered":"Kapsu\u0142ka o smaku cytryny"},"content":{"rendered":"<h3 data-pm-slice=\"0 0 []\">Kapsul\u0117s \u2013 skonis be kalorij\u0173<\/h3>\n<p>Atrask, kaip paprasta vanden\u012f paversti malonumu!<br \/>\n<strong>Kvap\u0173 kapsul\u0117s<\/strong>, tvirtinamos ant gertuv\u0117s vir\u0161aus, leid\u017eia m\u0117gautis \u012fvairiais vaisi\u0173 ar gaivi\u0173j\u0173 g\u0117rim\u0173 aromatais \u2013 <strong>be cukraus,\u00a0 kalorij\u0173\u00a0ar dirbtini\u0173 ingredient\u0173<\/strong><\/p>\n<p>\ud83c\udf00 <strong>JAK TO DZIA\u0141A?<\/strong><br \/>\nUosl\u0117 apgauna skonio poj\u016bt\u012f \u2013 nors geri paprast\u0105 vanden\u012f, tavo smegenys fiksuoja vaisi\u0173 ar gaiviojo g\u0117rimo skon\u012f. Tai inovatyvus b\u016bdas gerti daugiau vandens be joki\u0173 pried\u0173.<\/p>\n<p>\ud83c\udf51 <strong>\u012evairov\u0117 kiekvienai dienai:<\/strong><br \/>\nVy\u0161nia, melyn\u0117, arb\u016bzas, persikas, citrina, bra\u0161k\u0117, ananasas, melionas, coca-cola \u2013 rinkis pagal nuotaik\u0105!<\/p>\n<p>\ud83d\udd01 <strong>Lengvai kei\u010diamos:<\/strong><br \/>\nVos per kelias sekundes pakeisk kapsul\u0119 ir m\u0117gaukis nauju aromatu. Viena kapsul\u0117 gali suteikti skon\u012f keliems litrams vandens.<\/p>\n<p>\ud83d\udca7 <strong>Ilgai i\u0161liekantis aromatas:<\/strong><br \/>\n1 kapsul\u0117 = iki 5 litr\u0173 kvapnaus vandens.<\/p>\n<p>\ud83c\udf3f <strong>Saugus ir nat\u016bralus pasirinkimas:<\/strong><br \/>\n<strong>0 % cukraus, 0 % kalorij\u0173, 100 % nat\u016bralus aromatas.<\/strong><br \/>\nPagaminta i\u0161 nat\u016brali\u0173 vaisi\u0173 ekstrakt\u0173, tinka vaikams ir suaugusiems.<\/p>","protected":false},"excerpt":{"rendered":"<p>Be cukraus, kalorij\u0173 ar dirbtini\u0173 ingredient\u0173<\/p>","protected":false},"featured_media":76,"comment_status":"open","ping_status":"closed","template":"","meta":{"site-sidebar-layout":"default","site-content-layout":"","ast-site-content-layout":"default","site-content-style":"default","site-sidebar-style":"default","ast-global-header-display":"","ast-banner-title-visibility":"","ast-main-header-display":"","ast-hfb-above-header-display":"","ast-hfb-below-header-display":"","ast-hfb-mobile-header-display":"","site-post-title":"","ast-breadcrumbs-content":"","ast-featured-img":"","footer-sml-layout":"","ast-disable-related-posts":"","theme-transparent-header-meta":"default","adv-header-id-meta":"","stick-header-meta":"","header-above-stick-meta":"","header-main-stick-meta":"","header-below-stick-meta":"","astra-migrate-meta-layouts":"set","ast-page-background-enabled":"default","ast-page-background-meta":{"desktop":{"background-color":"var(--ast-global-color-4)","background-image":"","background-repeat":"repeat","background-position":"center center","background-size":"auto","background-attachment":"scroll","background-type":"","background-media":"","overlay-type":"","overlay-color":"","overlay-opacity":"","overlay-gradient":""},"tablet":{"background-color":"","background-image":"","background-repeat":"repeat","background-position":"center center","background-size":"auto","background-attachment":"scroll","background-type":"","background-media":"","overlay-type":"","overlay-color":"","overlay-opacity":"","overlay-gradient":""},"mobile":{"background-color":"","background-image":"","background-repeat":"repeat","background-position":"center center","background-size":"auto","background-attachment":"scroll","background-type":"","background-media":"","overlay-type":"","overlay-color":"","overlay-opacity":"","overlay-gradient":""}},"ast-content-background-meta":{"desktop":{"background-color":"var(--ast-global-color-5)","background-image":"","background-repeat":"repeat","background-position":"center center","background-size":"auto","background-attachment":"scroll","background-type":"","background-media":"","overlay-type":"","overlay-color":"","overlay-opacity":"","overlay-gradient":""},"tablet":{"background-color":"var(--ast-global-color-5)","background-image":"","background-repeat":"repeat","background-position":"center center","background-size":"auto","background-attachment":"scroll","background-type":"","background-media":"","overlay-type":"","overlay-color":"","overlay-opacity":"","overlay-gradient":""},"mobile":{"background-color":"var(--ast-global-color-5)","background-image":"","background-repeat":"repeat","background-position":"center center","background-size":"auto","background-attachment":"scroll","background-type":"","background-media":"","overlay-type":"","overlay-color":"","overlay-opacity":"","overlay-gradient":""}}},"product_brand":[],"product_cat":[21],"product_tag":[],"class_list":{"0":"post-84","1":"product","2":"type-product","3":"status-publish","4":"has-post-thumbnail","6":"product_cat-kapsules","7":"desktop-align-left","8":"tablet-align-left","9":"mobile-align-left","11":"first","12":"instock","13":"sale","14":"shipping-taxable","15":"purchasable","16":"product-type-simple"},"_links":{"self":[{"href":"https:\/\/tastysip.lt\/pl\/wp-json\/wp\/v2\/product\/84","targetHints":{"allow":["GET"]}}],"collection":[{"href":"https:\/\/tastysip.lt\/pl\/wp-json\/wp\/v2\/product"}],"about":[{"href":"https:\/\/tastysip.lt\/pl\/wp-json\/wp\/v2\/types\/product"}],"replies":[{"embeddable":true,"href":"https:\/\/tastysip.lt\/pl\/wp-json\/wp\/v2\/comments?post=84"}],"wp:featuredmedia":[{"embeddable":true,"href":"https:\/\/tastysip.lt\/pl\/wp-json\/wp\/v2\/media\/76"}],"wp:attachment":[{"href":"https:\/\/tastysip.lt\/pl\/wp-json\/wp\/v2\/media?parent=84"}],"wp:term":[{"taxonomy":"product_brand","embeddable":true,"href":"https:\/\/tastysip.lt\/pl\/wp-json\/wp\/v2\/product_brand?post=84"},{"taxonomy":"product_cat","embeddable":true,"href":"https:\/\/tastysip.lt\/pl\/wp-json\/wp\/v2\/product_cat?post=84"},{"taxonomy":"product_tag","embeddable":true,"href":"https:\/\/tastysip.lt\/pl\/wp-json\/wp\/v2\/product_tag?post=84"}],"curies":[{"name":"wp","href":"https:\/\/api.w.org\/{rel}","templated":true}]}}