{"id":5969,"date":"2026-03-24T19:08:52","date_gmt":"2026-03-24T19:08:52","guid":{"rendered":"https:\/\/tastysip.lt\/?post_type=product&#038;p=5969"},"modified":"2026-03-24T19:14:02","modified_gmt":"2026-03-24T19:14:02","slug":"valymo-priemone-siaudeliui-2","status":"publish","type":"product","link":"https:\/\/tastysip.lt\/pl\/parduotuve-2\/valymo-priemone-siaudeliui-2\/","title":{"rendered":"Valymo priemon\u0117 \u0161iaudeliui"},"content":{"rendered":"<ul>\n<li data-start=\"875\" data-end=\"1009\">\n<p data-start=\"877\" data-end=\"1009\">Specialiai sukurta valymo priemon\u0117 \u0161iaudeliams leid\u017eia lengvai i\u0161valyti siaurus kanalus, kur kaupiasi apna\u0161os ir skys\u010di\u0173 liku\u010diai.<\/p>\n<\/li>\n<li data-start=\"1010\" data-end=\"1079\">\n<p data-start=\"1012\" data-end=\"1079\">Plona, lanksti konstrukcija leid\u017eia pasiekti vis\u0105 \u0161iaudelio ilg\u012f.<\/p>\n<\/li>\n<li data-start=\"1080\" data-end=\"1149\">\n<p data-start=\"1082\" data-end=\"1149\"><em data-start=\"1082\" data-end=\"1149\">Tinka daugkartiniams \u0161iaudeliams i\u0161 plastiko, metalo ar silikono<\/em><\/p>\n<\/li>\n<\/ul>","protected":false},"excerpt":{"rendered":"<p>Specialiai sukurta valymo priemon\u0117 \u0161iaudeliams leid\u017eia lengvai i\u0161valyti siaurus kanalus, kur kaupiasi apna\u0161os ir skys\u010di\u0173 liku\u010diai. Plona, lanksti konstrukcija leid\u017eia pasiekti vis\u0105 \u0161iaudelio ilg\u012f. Tinka daugkartiniams \u0161iaudeliams i\u0161 plastiko, metalo ar silikono<\/p>","protected":false},"featured_media":5366,"comment_status":"open","ping_status":"closed","template":"","meta":{"site-sidebar-layout":"default","site-content-layout":"","ast-site-content-layout":"default","site-content-style":"default","site-sidebar-style":"default","ast-global-header-display":"","ast-banner-title-visibility":"","ast-main-header-display":"","ast-hfb-above-header-display":"","ast-hfb-below-header-display":"","ast-hfb-mobile-header-display":"","site-post-title":"","ast-breadcrumbs-content":"","ast-featured-img":"","footer-sml-layout":"","ast-disable-related-posts":"","theme-transparent-header-meta":"default","adv-header-id-meta":"","stick-header-meta":"","header-above-stick-meta":"","header-main-stick-meta":"","header-below-stick-meta":"","astra-migrate-meta-layouts":"set","ast-page-background-enabled":"default","ast-page-background-meta":{"desktop":{"background-color":"var(--ast-global-color-4)","background-image":"","background-repeat":"repeat","background-position":"center center","background-size":"auto","background-attachment":"scroll","background-type":"","background-media":"","overlay-type":"","overlay-color":"","overlay-opacity":"","overlay-gradient":""},"tablet":{"background-color":"","background-image":"","background-repeat":"repeat","background-position":"center center","background-size":"auto","background-attachment":"scroll","background-type":"","background-media":"","overlay-type":"","overlay-color":"","overlay-opacity":"","overlay-gradient":""},"mobile":{"background-color":"","background-image":"","background-repeat":"repeat","background-position":"center center","background-size":"auto","background-attachment":"scroll","background-type":"","background-media":"","overlay-type":"","overlay-color":"","overlay-opacity":"","overlay-gradient":""}},"ast-content-background-meta":{"desktop":{"background-color":"var(--ast-global-color-5)","background-image":"","background-repeat":"repeat","background-position":"center center","background-size":"auto","background-attachment":"scroll","background-type":"","background-media":"","overlay-type":"","overlay-color":"","overlay-opacity":"","overlay-gradient":""},"tablet":{"background-color":"var(--ast-global-color-5)","background-image":"","background-repeat":"repeat","background-position":"center center","background-size":"auto","background-attachment":"scroll","background-type":"","background-media":"","overlay-type":"","overlay-color":"","overlay-opacity":"","overlay-gradient":""},"mobile":{"background-color":"var(--ast-global-color-5)","background-image":"","background-repeat":"repeat","background-position":"center center","background-size":"auto","background-attachment":"scroll","background-type":"","background-media":"","overlay-type":"","overlay-color":"","overlay-opacity":"","overlay-gradient":""}}},"product_brand":[],"product_cat":[79],"product_tag":[],"class_list":{"0":"post-5969","1":"product","2":"type-product","3":"status-publish","4":"has-post-thumbnail","6":"product_cat-valymo-priemones","7":"desktop-align-left","8":"tablet-align-left","9":"mobile-align-left","11":"first","12":"instock","13":"shipping-taxable","14":"purchasable","15":"product-type-simple"},"_links":{"self":[{"href":"https:\/\/tastysip.lt\/pl\/wp-json\/wp\/v2\/product\/5969","targetHints":{"allow":["GET"]}}],"collection":[{"href":"https:\/\/tastysip.lt\/pl\/wp-json\/wp\/v2\/product"}],"about":[{"href":"https:\/\/tastysip.lt\/pl\/wp-json\/wp\/v2\/types\/product"}],"replies":[{"embeddable":true,"href":"https:\/\/tastysip.lt\/pl\/wp-json\/wp\/v2\/comments?post=5969"}],"wp:featuredmedia":[{"embeddable":true,"href":"https:\/\/tastysip.lt\/pl\/wp-json\/wp\/v2\/media\/5366"}],"wp:attachment":[{"href":"https:\/\/tastysip.lt\/pl\/wp-json\/wp\/v2\/media?parent=5969"}],"wp:term":[{"taxonomy":"product_brand","embeddable":true,"href":"https:\/\/tastysip.lt\/pl\/wp-json\/wp\/v2\/product_brand?post=5969"},{"taxonomy":"product_cat","embeddable":true,"href":"https:\/\/tastysip.lt\/pl\/wp-json\/wp\/v2\/product_cat?post=5969"},{"taxonomy":"product_tag","embeddable":true,"href":"https:\/\/tastysip.lt\/pl\/wp-json\/wp\/v2\/product_tag?post=5969"}],"curies":[{"name":"wp","href":"https:\/\/api.w.org\/{rel}","templated":true}]}}