{"id":5813,"date":"2026-02-18T14:39:23","date_gmt":"2026-02-18T14:39:23","guid":{"rendered":"https:\/\/tastysip.lt\/?post_type=product&#038;p=5813"},"modified":"2026-02-18T14:40:28","modified_gmt":"2026-02-18T14:40:28","slug":"valymo-priemone-gertuvei-kopija","status":"publish","type":"product","link":"https:\/\/tastysip.lt\/pl\/parduotuve-2\/valymo-priemone-gertuvei-kopija\/","title":{"rendered":"Szczotka do czyszczenia bidonu"},"content":{"rendered":"<ul>\n<li data-start=\"402\" data-end=\"630\">\n<p data-start=\"404\" data-end=\"630\">\u0160i valymo priemon\u0117 skirta lengvam ir efektyviam gertuv\u0117s valymui. Specialaus dizaino \u0161epet\u0117lis pasiekia visas vidines sieneles, pa\u0161alina liku\u010dius ir ne\u0161varumus, tod\u0117l j\u016bs\u0173 TastySip gertuv\u0117 visada bus higieni\u0161ka ir maloniai kvepianti.<\/p>\n<\/li>\n<li data-start=\"631\" data-end=\"669\">\n<p data-start=\"633\" data-end=\"669\"><em data-start=\"633\" data-end=\"667\">Tinka daugumai gertuvi\u0173 modeli\u0173.<\/em><\/p>\n<\/li>\n<li data-start=\"670\" data-end=\"712\">\n<p data-start=\"672\" data-end=\"712\"><em data-start=\"672\" data-end=\"712\">Patvari, ilgaam\u017e\u0117 ir lengvai plaunama.<\/em><\/p>\n<\/li>\n<\/ul>","protected":false},"excerpt":{"rendered":"<p>\u0160i valymo priemon\u0117 skirta lengvam ir efektyviam gertuv\u0117s valymui. Specialaus dizaino \u0161epet\u0117lis pasiekia visas vidines sieneles, pa\u0161alina liku\u010dius ir ne\u0161varumus, tod\u0117l j\u016bs\u0173 TastySip gertuv\u0117 visada bus higieni\u0161ka ir maloniai kvepianti. Tinka daugumai gertuvi\u0173 modeli\u0173. Patvari, ilgaam\u017e\u0117 ir lengvai plaunama.<\/p>","protected":false},"featured_media":5422,"comment_status":"open","ping_status":"closed","template":"","meta":{"site-sidebar-layout":"default","site-content-layout":"","ast-site-content-layout":"default","site-content-style":"default","site-sidebar-style":"default","ast-global-header-display":"","ast-banner-title-visibility":"","ast-main-header-display":"","ast-hfb-above-header-display":"","ast-hfb-below-header-display":"","ast-hfb-mobile-header-display":"","site-post-title":"","ast-breadcrumbs-content":"","ast-featured-img":"","footer-sml-layout":"","ast-disable-related-posts":"","theme-transparent-header-meta":"default","adv-header-id-meta":"","stick-header-meta":"","header-above-stick-meta":"","header-main-stick-meta":"","header-below-stick-meta":"","astra-migrate-meta-layouts":"set","ast-page-background-enabled":"default","ast-page-background-meta":{"desktop":{"background-color":"var(--ast-global-color-4)","background-image":"","background-repeat":"repeat","background-position":"center center","background-size":"auto","background-attachment":"scroll","background-type":"","background-media":"","overlay-type":"","overlay-color":"","overlay-opacity":"","overlay-gradient":""},"tablet":{"background-color":"","background-image":"","background-repeat":"repeat","background-position":"center center","background-size":"auto","background-attachment":"scroll","background-type":"","background-media":"","overlay-type":"","overlay-color":"","overlay-opacity":"","overlay-gradient":""},"mobile":{"background-color":"","background-image":"","background-repeat":"repeat","background-position":"center center","background-size":"auto","background-attachment":"scroll","background-type":"","background-media":"","overlay-type":"","overlay-color":"","overlay-opacity":"","overlay-gradient":""}},"ast-content-background-meta":{"desktop":{"background-color":"var(--ast-global-color-5)","background-image":"","background-repeat":"repeat","background-position":"center center","background-size":"auto","background-attachment":"scroll","background-type":"","background-media":"","overlay-type":"","overlay-color":"","overlay-opacity":"","overlay-gradient":""},"tablet":{"background-color":"var(--ast-global-color-5)","background-image":"","background-repeat":"repeat","background-position":"center center","background-size":"auto","background-attachment":"scroll","background-type":"","background-media":"","overlay-type":"","overlay-color":"","overlay-opacity":"","overlay-gradient":""},"mobile":{"background-color":"var(--ast-global-color-5)","background-image":"","background-repeat":"repeat","background-position":"center center","background-size":"auto","background-attachment":"scroll","background-type":"","background-media":"","overlay-type":"","overlay-color":"","overlay-opacity":"","overlay-gradient":""}}},"product_brand":[],"product_cat":[79],"product_tag":[],"class_list":{"0":"post-5813","1":"product","2":"type-product","3":"status-publish","4":"has-post-thumbnail","6":"product_cat-valymo-priemones","7":"desktop-align-left","8":"tablet-align-left","9":"mobile-align-left","11":"first","12":"instock","13":"shipping-taxable","14":"purchasable","15":"product-type-simple"},"_links":{"self":[{"href":"https:\/\/tastysip.lt\/pl\/wp-json\/wp\/v2\/product\/5813","targetHints":{"allow":["GET"]}}],"collection":[{"href":"https:\/\/tastysip.lt\/pl\/wp-json\/wp\/v2\/product"}],"about":[{"href":"https:\/\/tastysip.lt\/pl\/wp-json\/wp\/v2\/types\/product"}],"replies":[{"embeddable":true,"href":"https:\/\/tastysip.lt\/pl\/wp-json\/wp\/v2\/comments?post=5813"}],"wp:featuredmedia":[{"embeddable":true,"href":"https:\/\/tastysip.lt\/pl\/wp-json\/wp\/v2\/media\/5422"}],"wp:attachment":[{"href":"https:\/\/tastysip.lt\/pl\/wp-json\/wp\/v2\/media?parent=5813"}],"wp:term":[{"taxonomy":"product_brand","embeddable":true,"href":"https:\/\/tastysip.lt\/pl\/wp-json\/wp\/v2\/product_brand?post=5813"},{"taxonomy":"product_cat","embeddable":true,"href":"https:\/\/tastysip.lt\/pl\/wp-json\/wp\/v2\/product_cat?post=5813"},{"taxonomy":"product_tag","embeddable":true,"href":"https:\/\/tastysip.lt\/pl\/wp-json\/wp\/v2\/product_tag?post=5813"}],"curies":[{"name":"wp","href":"https:\/\/api.w.org\/{rel}","templated":true}]}}