{"id":4865,"date":"2025-11-16T11:26:38","date_gmt":"2025-11-16T11:26:38","guid":{"rendered":"https:\/\/tastysip.lt\/?page_id=4865"},"modified":"2026-02-02T19:49:24","modified_gmt":"2026-02-02T19:49:24","slug":"pristatymas","status":"publish","type":"page","link":"https:\/\/tastysip.lt\/pl\/pristatymas\/","title":{"rendered":"Dostawa"},"content":{"rendered":"<div data-elementor-type=\"wp-page\" data-elementor-id=\"4865\" class=\"elementor elementor-4865\">\n\t\t\t\t<div class=\"elementor-element elementor-element-95cf672 e-flex e-con-boxed e-con e-parent\" data-id=\"95cf672\" data-element_type=\"container\" data-e-type=\"container\">\n\t\t\t\t\t<div class=\"e-con-inner\">\n\t\t\t\t<div class=\"elementor-element elementor-element-c9f16c3 elementor-widget elementor-widget-spacer\" data-id=\"c9f16c3\" data-element_type=\"widget\" data-e-type=\"widget\" data-widget_type=\"spacer.default\">\n\t\t\t\t<div class=\"elementor-widget-container\">\n\t\t\t\t\t\t\t<div class=\"elementor-spacer\">\n\t\t\t<div class=\"elementor-spacer-inner\"><\/div>\n\t\t<\/div>\n\t\t\t\t\t\t<\/div>\n\t\t\t\t<\/div>\n\t\t\t\t\t<\/div>\n\t\t\t\t<\/div>\n\t\t<div class=\"elementor-element elementor-element-99acc0e e-flex e-con-boxed e-con e-parent\" data-id=\"99acc0e\" data-element_type=\"container\" data-e-type=\"container\">\n\t\t\t\t\t<div class=\"e-con-inner\">\n\t\t\t\t<div class=\"elementor-element elementor-element-0252eb9 elementor-widget elementor-widget-heading\" data-id=\"0252eb9\" data-element_type=\"widget\" data-e-type=\"widget\" data-widget_type=\"heading.default\">\n\t\t\t\t<div class=\"elementor-widget-container\">\n\t\t\t\t\t<h2 class=\"elementor-heading-title elementor-size-default\">PRISTATYMO B\u016aDAI<\/h2>\t\t\t\t<\/div>\n\t\t\t\t<\/div>\n\t\t\t\t\t<\/div>\n\t\t\t\t<\/div>\n\t\t<div class=\"elementor-element elementor-element-1afac5b e-flex e-con-boxed e-con e-parent\" data-id=\"1afac5b\" data-element_type=\"container\" data-e-type=\"container\">\n\t\t\t\t\t<div class=\"e-con-inner\">\n\t\t\t\t<div class=\"elementor-element elementor-element-5266656 elementor-widget elementor-widget-text-editor\" data-id=\"5266656\" data-element_type=\"widget\" data-e-type=\"widget\" data-widget_type=\"text-editor.default\">\n\t\t\t\t<div class=\"elementor-widget-container\">\n\t\t\t\t\t\t\t\t\t<p class=\"body\" dir=\"auto\">\ud83d\ude9a <strong>DPD, LPEXPRESS pa\u0161tomatas<\/strong><br \/>Prek\u0117s pristatomos \u012f artimiausi\u0105 jums patog\u0173 DPD pa\u0161tomat\u0105.<br \/><strong>Kaina:<\/strong> 1,99 \u20ac<\/p><p class=\"body\" dir=\"auto\">\ud83c\udfe0 <strong>DPD, LPEXRPESS kurjeris<\/strong><br \/>Prek\u0117s pristatomos tiesiai \u012f j\u016bs\u0173 nurodyt\u0105 adres\u0105 (namus ar darboviet\u0119).<br \/><strong>Kaina:<\/strong> 3,49 \u20ac<\/p><p class=\"body\" dir=\"auto\">\ud83c\udf81 <strong>Nemokamas pristatymas<\/strong><br \/>Visiems u\u017esakymams nuo <strong>30 \u20ac<\/strong> \u2013 pristatymas <strong>nemokamas<\/strong> (\u012f pa\u0161tomat\u0105)!<\/p><h3 dir=\"auto\">Pristatymo terminai:<\/h3><p class=\"body\" dir=\"auto\">\ud83d\udce6 U\u017esakymai i\u0161siun\u010diami per <strong>1\u20132 darbo dienas<\/strong> nuo apmok\u0117jimo gavimo.<br \/>\ud83d\ude9a Pristatymo trukm\u0117: <strong>1\u20133 darbo dienos<\/strong> nuo i\u0161siuntimo.<\/p><h3 dir=\"auto\">Klausimai?<\/h3><p class=\"body\" dir=\"auto\">Jeigu turite klausim\u0173 d\u0117l pristatymo, kreipkit\u0117s:<br \/>\ud83d\udce7 <strong><a href=\"mailto:info@tastysip.lt\">info@tastysip.lt<\/a><\/strong><\/p>\t\t\t\t\t\t\t\t<\/div>\n\t\t\t\t<\/div>\n\t\t\t\t\t<\/div>\n\t\t\t\t<\/div>\n\t\t\t\t<\/div>","protected":false},"excerpt":{"rendered":"<p>PRISTATYMO B\u016aDAI \ud83d\ude9a DPD, LPEXPRESS pa\u0161tomatasPrek\u0117s pristatomos \u012f artimiausi\u0105 jums patog\u0173 DPD pa\u0161tomat\u0105.Kaina: 1,99 \u20ac \ud83c\udfe0 DPD, LPEXRPESS kurjerisPrek\u0117s pristatomos tiesiai \u012f j\u016bs\u0173 nurodyt\u0105 adres\u0105 (namus ar darboviet\u0119).Kaina: 3,49 \u20ac \ud83c\udf81 Nemokamas pristatymasVisiems u\u017esakymams nuo 30 \u20ac \u2013 pristatymas nemokamas (\u012f pa\u0161tomat\u0105)! Pristatymo terminai: \ud83d\udce6 U\u017esakymai i\u0161siun\u010diami per 1\u20132 darbo dienas nuo apmok\u0117jimo gavimo.\ud83d\ude9a Pristatymo [&hellip;]<\/p>\n","protected":false},"author":1,"featured_media":0,"parent":0,"menu_order":0,"comment_status":"closed","ping_status":"closed","template":"","meta":{"site-sidebar-layout":"no-sidebar","site-content-layout":"page-builder","ast-site-content-layout":"full-width-container","site-content-style":"default","site-sidebar-style":"default","ast-global-header-display":"","ast-banner-title-visibility":"","ast-main-header-display":"","ast-hfb-above-header-display":"","ast-hfb-below-header-display":"","ast-hfb-mobile-header-display":"","site-post-title":"disabled","ast-breadcrumbs-content":"","ast-featured-img":"disabled","footer-sml-layout":"","ast-disable-related-posts":"","theme-transparent-header-meta":"","adv-header-id-meta":"","stick-header-meta":"","header-above-stick-meta":"","header-main-stick-meta":"","header-below-stick-meta":"","astra-migrate-meta-layouts":"set","ast-page-background-enabled":"default","ast-page-background-meta":{"desktop":{"background-color":"var(--ast-global-color-4)","background-image":"","background-repeat":"repeat","background-position":"center center","background-size":"auto","background-attachment":"scroll","background-type":"","background-media":"","overlay-type":"","overlay-color":"","overlay-opacity":"","overlay-gradient":""},"tablet":{"background-color":"","background-image":"","background-repeat":"repeat","background-position":"center center","background-size":"auto","background-attachment":"scroll","background-type":"","background-media":"","overlay-type":"","overlay-color":"","overlay-opacity":"","overlay-gradient":""},"mobile":{"background-color":"","background-image":"","background-repeat":"repeat","background-position":"center center","background-size":"auto","background-attachment":"scroll","background-type":"","background-media":"","overlay-type":"","overlay-color":"","overlay-opacity":"","overlay-gradient":""}},"ast-content-background-meta":{"desktop":{"background-color":"var(--ast-global-color-5)","background-image":"","background-repeat":"repeat","background-position":"center center","background-size":"auto","background-attachment":"scroll","background-type":"","background-media":"","overlay-type":"","overlay-color":"","overlay-opacity":"","overlay-gradient":""},"tablet":{"background-color":"var(--ast-global-color-5)","background-image":"","background-repeat":"repeat","background-position":"center center","background-size":"auto","background-attachment":"scroll","background-type":"","background-media":"","overlay-type":"","overlay-color":"","overlay-opacity":"","overlay-gradient":""},"mobile":{"background-color":"var(--ast-global-color-5)","background-image":"","background-repeat":"repeat","background-position":"center center","background-size":"auto","background-attachment":"scroll","background-type":"","background-media":"","overlay-type":"","overlay-color":"","overlay-opacity":"","overlay-gradient":""}},"footnotes":""},"class_list":["post-4865","page","type-page","status-publish","hentry"],"_hostinger_reach_plugin_has_subscription_block":false,"_hostinger_reach_plugin_is_elementor":false,"_links":{"self":[{"href":"https:\/\/tastysip.lt\/pl\/wp-json\/wp\/v2\/pages\/4865","targetHints":{"allow":["GET"]}}],"collection":[{"href":"https:\/\/tastysip.lt\/pl\/wp-json\/wp\/v2\/pages"}],"about":[{"href":"https:\/\/tastysip.lt\/pl\/wp-json\/wp\/v2\/types\/page"}],"author":[{"embeddable":true,"href":"https:\/\/tastysip.lt\/pl\/wp-json\/wp\/v2\/users\/1"}],"replies":[{"embeddable":true,"href":"https:\/\/tastysip.lt\/pl\/wp-json\/wp\/v2\/comments?post=4865"}],"version-history":[{"count":8,"href":"https:\/\/tastysip.lt\/pl\/wp-json\/wp\/v2\/pages\/4865\/revisions"}],"predecessor-version":[{"id":5786,"href":"https:\/\/tastysip.lt\/pl\/wp-json\/wp\/v2\/pages\/4865\/revisions\/5786"}],"wp:attachment":[{"href":"https:\/\/tastysip.lt\/pl\/wp-json\/wp\/v2\/media?parent=4865"}],"curies":[{"name":"wp","href":"https:\/\/api.w.org\/{rel}","templated":true}]}}