{"id":14,"date":"2025-11-04T19:08:28","date_gmt":"2025-11-04T19:08:28","guid":{"rendered":"https:\/\/tastysip.lt\/about-2\/"},"modified":"2025-12-13T09:45:15","modified_gmt":"2025-12-13T09:45:15","slug":"apie","status":"publish","type":"page","link":"https:\/\/tastysip.lt\/pl\/apie\/","title":{"rendered":"O NAS"},"content":{"rendered":"<div data-elementor-type=\"wp-page\" data-elementor-id=\"14\" class=\"elementor elementor-14\">\n\t\t\t\t<div class=\"elementor-element elementor-element-2e74d3d e-flex e-con-boxed e-con e-parent\" data-id=\"2e74d3d\" data-element_type=\"container\" data-e-type=\"container\">\n\t\t\t\t\t<div class=\"e-con-inner\">\n\t\t<div class=\"elementor-element elementor-element-283c0cb e-con-full e-flex e-con e-child\" data-id=\"283c0cb\" data-element_type=\"container\" data-e-type=\"container\">\n\t\t\t\t<div class=\"elementor-element elementor-element-66bca86 elementor-widget elementor-widget-spacer\" data-id=\"66bca86\" data-element_type=\"widget\" data-e-type=\"widget\" data-widget_type=\"spacer.default\">\n\t\t\t\t<div class=\"elementor-widget-container\">\n\t\t\t\t\t\t\t<div class=\"elementor-spacer\">\n\t\t\t<div class=\"elementor-spacer-inner\"><\/div>\n\t\t<\/div>\n\t\t\t\t\t\t<\/div>\n\t\t\t\t<\/div>\n\t\t\t\t<\/div>\n\t\t\t\t\t<\/div>\n\t\t\t\t<\/div>\n\t\t<div class=\"elementor-element elementor-element-e90f62c e-flex e-con-boxed e-con e-parent\" data-id=\"e90f62c\" data-element_type=\"container\" data-e-type=\"container\">\n\t\t\t\t\t<div class=\"e-con-inner\">\n\t\t<div class=\"elementor-element elementor-element-0c682a2 e-con-full e-flex e-con e-child\" data-id=\"0c682a2\" data-element_type=\"container\" data-e-type=\"container\">\n\t\t\t\t<div class=\"elementor-element elementor-element-cc91ee5 elementor-widget elementor-widget-image\" data-id=\"cc91ee5\" data-element_type=\"widget\" data-e-type=\"widget\" data-widget_type=\"image.default\">\n\t\t\t\t<div class=\"elementor-widget-container\">\n\t\t\t\t\t\t\t\t\t\t\t\t\t\t\t<img fetchpriority=\"high\" decoding=\"async\" width=\"800\" height=\"800\" src=\"https:\/\/tastysip.lt\/wp-content\/uploads\/2026\/03\/Premium-look-40.png\" class=\"attachment-full size-full wp-image-4775\" alt=\"\" srcset=\"https:\/\/tastysip.lt\/wp-content\/uploads\/2026\/03\/Premium-look-40.png 800w, https:\/\/tastysip.lt\/wp-content\/uploads\/2026\/03\/Premium-look-40-300x300.png 300w, https:\/\/tastysip.lt\/wp-content\/uploads\/2026\/03\/Premium-look-40-150x150.png 150w, https:\/\/tastysip.lt\/wp-content\/uploads\/2026\/03\/Premium-look-40-768x768.png 768w, https:\/\/tastysip.lt\/wp-content\/uploads\/2026\/03\/Premium-look-40-12x12.png 12w, https:\/\/tastysip.lt\/wp-content\/uploads\/2026\/03\/Premium-look-40-600x600.png 600w, https:\/\/tastysip.lt\/wp-content\/uploads\/2026\/03\/Premium-look-40-100x100.png 100w\" sizes=\"(max-width: 800px) 100vw, 800px\" \/>\t\t\t\t\t\t\t\t\t\t\t\t\t\t\t<\/div>\n\t\t\t\t<\/div>\n\t\t\t\t<div class=\"elementor-element elementor-element-75c8bf8 elementor-align-center elementor-widget elementor-widget-button\" data-id=\"75c8bf8\" data-element_type=\"widget\" data-e-type=\"widget\" data-widget_type=\"button.default\">\n\t\t\t\t<div class=\"elementor-widget-container\">\n\t\t\t\t\t\t\t\t\t<div class=\"elementor-button-wrapper\">\n\t\t\t\t\t<a class=\"elementor-button elementor-button-link elementor-size-sm\" href=\"https:\/\/tastysip.lt\/pl\/parduotuve\/\">\n\t\t\t\t\t\t<span class=\"elementor-button-content-wrapper\">\n\t\t\t\t\t\t\t\t\t<span class=\"elementor-button-text\">KUP TERAZ<\/span>\n\t\t\t\t\t<\/span>\n\t\t\t\t\t<\/a>\n\t\t\t\t<\/div>\n\t\t\t\t\t\t\t\t<\/div>\n\t\t\t\t<\/div>\n\t\t\t\t<\/div>\n\t\t<div class=\"elementor-element elementor-element-b29abee e-con-full e-flex e-con e-child\" data-id=\"b29abee\" data-element_type=\"container\" data-e-type=\"container\">\n\t\t\t\t<div class=\"elementor-element elementor-element-f095111 elementor-widget elementor-widget-heading\" data-id=\"f095111\" data-element_type=\"widget\" data-e-type=\"widget\" data-widget_type=\"heading.default\">\n\t\t\t\t<div class=\"elementor-widget-container\">\n\t\t\t\t\t<h2 class=\"elementor-heading-title elementor-size-default\">O NAS<\/h2>\t\t\t\t<\/div>\n\t\t\t\t<\/div>\n\t\t\t\t<div class=\"elementor-element elementor-element-5990b83 elementor-widget elementor-widget-text-editor\" data-id=\"5990b83\" data-element_type=\"widget\" data-e-type=\"widget\" data-widget_type=\"text-editor.default\">\n\t\t\t\t<div class=\"elementor-widget-container\">\n\t\t\t\t\t\t\t\t\t<p class=\"body\" dir=\"auto\"><span style=\"font-size: 14pt;\">Wszystko zacz\u0119\u0142o si\u0119 od jednego prostego, ale bardzo znajomego momentu \u2013 kiedy w \u015brodku dnia pracy spojrzeli\u015bmy na nasz pusty bidon i pomy\u015bleli\u015bmy:\n\u201eDlaczego woda musi by\u0107 taka nudna?\u201d<\/span><\/p><p class=\"body\" dir=\"auto\"><span style=\"font-size: 14pt;\">Zainspirowani nauk\u0105 o w\u0119chu i percepcji smaku, znale\u017ali\u015bmy spos\u00f3b, aby dzi\u0119ki naturalnym kapsu\u0142kom aromatycznym nada\u0107 wodzie smak \u2013 bez cukru, bez kalorii i bez wyrzut\u00f3w sumienia.<\/span><\/p><p class=\"body\" dir=\"auto\"><span style=\"font-size: 14pt;\">Dzi\u015b oferujemy nie tylko nowoczesne, szczelne i stylowe bidony, ale tak\u017ce szeroki wyb\u00f3r kapsu\u0142ek smakowych, dzi\u0119ki kt\u00f3rym picie wody staje si\u0119 przyjemnym nawykiem, a nie obowi\u0105zkiem.<\/span><\/p><p class=\"body\" dir=\"auto\"><span style=\"font-size: 14pt;\"><strong>Nasza misja<\/strong> &#8211;<\/span><\/p><p class=\"body\" dir=\"auto\"><span style=\"font-size: 14pt;\">Pomaga\u0107 ludziom pi\u0107 wi\u0119cej wody, dba\u0107 o siebie i jednocze\u015bnie cieszy\u0107 si\u0119 tym, co pij\u0105.<\/span><\/p><p class=\"body\" dir=\"auto\"><span style=\"font-size: 14pt;\"><strong>Nasze warto\u015bci<\/strong><\/span><\/p><p class=\"body\" dir=\"auto\"><span style=\"font-size: 14pt;\">Naturalno\u015b\u0107, zr\u00f3wnowa\u017cony rozw\u00f3j, prostota i kreatywno\u015b\u0107.<\/span><\/p>\t\t\t\t\t\t\t\t<\/div>\n\t\t\t\t<\/div>\n\t\t\t\t<\/div>\n\t\t\t\t\t<\/div>\n\t\t\t\t<\/div>\n\t\t\t\t<\/div>","protected":false},"excerpt":{"rendered":"<p>PIRKTI Apie mus Viskas prasid\u0117jo nuo vieno paprasto, bet labai pa\u017e\u012fstamo momento \u2013 kai vidury darbo dienos pa\u017ei\u016br\u0117jome \u012f savo tu\u0161\u010di\u0105 gertuv\u0119 ir pagalvojome: \u201eKod\u0117l vanduo turi b\u016bti nuobodus?\u201c Pasitelk\u0119 moksl\u0105 apie uosl\u0119 ir skonio suvokim\u0105, atradome b\u016bd\u0105, kaip per nat\u016bralius kvap\u0173 kapsuli\u0173 aromatus suteikti vandeniui skon\u012f \u2013 be jokio cukraus, be kalorij\u0173, be kalt\u0117s [&hellip;]<\/p>\n","protected":false},"author":1,"featured_media":0,"parent":0,"menu_order":0,"comment_status":"closed","ping_status":"closed","template":"","meta":{"site-sidebar-layout":"no-sidebar","site-content-layout":"page-builder","ast-site-content-layout":"full-width-container","site-content-style":"unboxed","site-sidebar-style":"unboxed","ast-global-header-display":"","ast-banner-title-visibility":"","ast-main-header-display":"","ast-hfb-above-header-display":"","ast-hfb-below-header-display":"","ast-hfb-mobile-header-display":"","site-post-title":"disabled","ast-breadcrumbs-content":"","ast-featured-img":"disabled","footer-sml-layout":"","ast-disable-related-posts":"","theme-transparent-header-meta":"enabled","adv-header-id-meta":"","stick-header-meta":"","header-above-stick-meta":"","header-main-stick-meta":"","header-below-stick-meta":"","astra-migrate-meta-layouts":"set","ast-page-background-enabled":"default","ast-page-background-meta":{"desktop":{"background-color":"var(--ast-global-color-4)","background-image":"","background-repeat":"repeat","background-position":"center center","background-size":"auto","background-attachment":"scroll","background-type":"","background-media":"","overlay-type":"","overlay-color":"","overlay-opacity":"","overlay-gradient":""},"tablet":{"background-color":"","background-image":"","background-repeat":"repeat","background-position":"center center","background-size":"auto","background-attachment":"scroll","background-type":"","background-media":"","overlay-type":"","overlay-color":"","overlay-opacity":"","overlay-gradient":""},"mobile":{"background-color":"","background-image":"","background-repeat":"repeat","background-position":"center center","background-size":"auto","background-attachment":"scroll","background-type":"","background-media":"","overlay-type":"","overlay-color":"","overlay-opacity":"","overlay-gradient":""}},"ast-content-background-meta":{"desktop":{"background-color":"var(--ast-global-color-5)","background-image":"","background-repeat":"repeat","background-position":"center center","background-size":"auto","background-attachment":"scroll","background-type":"","background-media":"","overlay-type":"","overlay-color":"","overlay-opacity":"","overlay-gradient":""},"tablet":{"background-color":"var(--ast-global-color-5)","background-image":"","background-repeat":"repeat","background-position":"center center","background-size":"auto","background-attachment":"scroll","background-type":"","background-media":"","overlay-type":"","overlay-color":"","overlay-opacity":"","overlay-gradient":""},"mobile":{"background-color":"var(--ast-global-color-5)","background-image":"","background-repeat":"repeat","background-position":"center center","background-size":"auto","background-attachment":"scroll","background-type":"","background-media":"","overlay-type":"","overlay-color":"","overlay-opacity":"","overlay-gradient":""}},"footnotes":""},"class_list":["post-14","page","type-page","status-publish","hentry"],"_hostinger_reach_plugin_has_subscription_block":false,"_hostinger_reach_plugin_is_elementor":false,"_links":{"self":[{"href":"https:\/\/tastysip.lt\/pl\/wp-json\/wp\/v2\/pages\/14","targetHints":{"allow":["GET"]}}],"collection":[{"href":"https:\/\/tastysip.lt\/pl\/wp-json\/wp\/v2\/pages"}],"about":[{"href":"https:\/\/tastysip.lt\/pl\/wp-json\/wp\/v2\/types\/page"}],"author":[{"embeddable":true,"href":"https:\/\/tastysip.lt\/pl\/wp-json\/wp\/v2\/users\/1"}],"replies":[{"embeddable":true,"href":"https:\/\/tastysip.lt\/pl\/wp-json\/wp\/v2\/comments?post=14"}],"version-history":[{"count":19,"href":"https:\/\/tastysip.lt\/pl\/wp-json\/wp\/v2\/pages\/14\/revisions"}],"predecessor-version":[{"id":5675,"href":"https:\/\/tastysip.lt\/pl\/wp-json\/wp\/v2\/pages\/14\/revisions\/5675"}],"wp:attachment":[{"href":"https:\/\/tastysip.lt\/pl\/wp-json\/wp\/v2\/media?parent=14"}],"curies":[{"name":"wp","href":"https:\/\/api.w.org\/{rel}","templated":true}]}}